{"id":11027,"date":"2022-08-09T10:52:24","date_gmt":"2022-08-09T03:52:24","guid":{"rendered":"https:\/\/tmgroup.vn\/?page_id=11027"},"modified":"2025-07-07T10:38:45","modified_gmt":"2025-07-07T03:38:45","slug":"lien-he","status":"publish","type":"page","link":"https:\/\/tmgroup.vn\/vi\/lien-he","title":{"rendered":"Li\u00ean h\u1ec7"},"content":{"rendered":"\t\t<div data-elementor-type=\"wp-page\" data-elementor-id=\"11027\" class=\"elementor elementor-11027\">\n\t\t\t\t\t\t<div class=\"elementor-inner\">\n\t\t\t\t<div class=\"elementor-section-wrap\">\n\t\t\t\t\t\t\t\t\t<section class=\"elementor-section elementor-top-section elementor-element elementor-element-5b0f11b0 elementor-section-boxed elementor-section-height-default elementor-section-height-default\" data-id=\"5b0f11b0\" data-element_type=\"section\" data-settings=\"{&quot;jet_parallax_layout_list&quot;:[{&quot;_id&quot;:&quot;0d36b47&quot;,&quot;jet_parallax_layout_image&quot;:{&quot;url&quot;:&quot;&quot;,&quot;id&quot;:&quot;&quot;,&quot;size&quot;:&quot;&quot;},&quot;jet_parallax_layout_image_tablet&quot;:{&quot;url&quot;:&quot;&quot;,&quot;id&quot;:&quot;&quot;,&quot;size&quot;:&quot;&quot;},&quot;jet_parallax_layout_image_mobile&quot;:{&quot;url&quot;:&quot;&quot;,&quot;id&quot;:&quot;&quot;,&quot;size&quot;:&quot;&quot;},&quot;jet_parallax_layout_speed&quot;:{&quot;unit&quot;:&quot;%&quot;,&quot;size&quot;:50,&quot;sizes&quot;:[]},&quot;jet_parallax_layout_type&quot;:&quot;scroll&quot;,&quot;jet_parallax_layout_direction&quot;:null,&quot;jet_parallax_layout_fx_direction&quot;:null,&quot;jet_parallax_layout_z_index&quot;:&quot;&quot;,&quot;jet_parallax_layout_bg_x&quot;:50,&quot;jet_parallax_layout_bg_x_tablet&quot;:&quot;&quot;,&quot;jet_parallax_layout_bg_x_mobile&quot;:&quot;&quot;,&quot;jet_parallax_layout_bg_y&quot;:50,&quot;jet_parallax_layout_bg_y_tablet&quot;:&quot;&quot;,&quot;jet_parallax_layout_bg_y_mobile&quot;:&quot;&quot;,&quot;jet_parallax_layout_bg_size&quot;:&quot;auto&quot;,&quot;jet_parallax_layout_bg_size_tablet&quot;:&quot;&quot;,&quot;jet_parallax_layout_bg_size_mobile&quot;:&quot;&quot;,&quot;jet_parallax_layout_animation_prop&quot;:&quot;transform&quot;,&quot;jet_parallax_layout_on&quot;:[&quot;desktop&quot;,&quot;tablet&quot;]}],&quot;background_background&quot;:&quot;classic&quot;}\">\n\t\t\t\t\t\t\t<div class=\"elementor-background-overlay\"><\/div>\n\t\t\t\t\t\t\t<div class=\"elementor-container elementor-column-gap-default\">\n\t\t\t\t\t\t\t<div class=\"elementor-row\">\n\t\t\t\t\t<div class=\"elementor-column elementor-col-100 elementor-top-column elementor-element elementor-element-21de0e37 ot-flex-column-vertical\" data-id=\"21de0e37\" data-element_type=\"column\">\n\t\t\t<div class=\"elementor-column-wrap elementor-element-populated\">\n\t\t\t\t\t\t\t<div class=\"elementor-widget-wrap\">\n\t\t\t\t\t\t<div class=\"elementor-element elementor-element-22d1b544 elementor-widget elementor-widget-spacer\" data-id=\"22d1b544\" data-element_type=\"widget\" data-widget_type=\"spacer.default\">\n\t\t\t\t<div class=\"elementor-widget-container\">\n\t\t\t\t\t<div class=\"elementor-spacer\">\n\t\t\t<div class=\"elementor-spacer-inner\"><\/div>\n\t\t<\/div>\n\t\t\t\t<\/div>\n\t\t\t\t<\/div>\n\t\t\t\t<div class=\"elementor-element elementor-element-705b28cf jet-breadcrumbs-align-right elementor-widget__width-auto elementor-absolute elementor-widget elementor-widget-jet-breadcrumbs\" data-id=\"705b28cf\" data-element_type=\"widget\" data-settings=\"{&quot;_position&quot;:&quot;absolute&quot;}\" data-widget_type=\"jet-breadcrumbs.default\">\n\t\t\t\t<div class=\"elementor-widget-container\">\n\t\t\t<div class=\"elementor-jet-breadcrumbs jet-blocks\">\n\t\t<div class=\"jet-breadcrumbs\">\n\t\t<div class=\"jet-breadcrumbs__content\">\n\t\t<div class=\"jet-breadcrumbs__wrap\"><div class=\"jet-breadcrumbs__item\"><a href=\"https:\/\/tmgroup.vn\/vi\" class=\"jet-breadcrumbs__item-link is-home\" rel=\"home\" title=\"Trang ch\u1ee7\">Trang ch\u1ee7<\/a><\/div>\n\t\t<\/div>\n\t\t<\/div>\n\t\t<\/div><\/div>\t\t<\/div>\n\t\t\t\t<\/div>\n\t\t\t\t\t\t<\/div>\n\t\t\t\t\t<\/div>\n\t\t<\/div>\n\t\t\t\t\t\t\t\t<\/div>\n\t\t\t\t\t<\/div>\n\t\t<\/section>\n\t\t\t\t<section class=\"elementor-section elementor-top-section elementor-element elementor-element-5290c5d0 elementor-section-boxed elementor-section-height-default elementor-section-height-default\" data-id=\"5290c5d0\" data-element_type=\"section\" data-settings=\"{&quot;jet_parallax_layout_list&quot;:[{&quot;_id&quot;:&quot;5107345&quot;,&quot;jet_parallax_layout_image&quot;:{&quot;url&quot;:&quot;&quot;,&quot;id&quot;:&quot;&quot;,&quot;size&quot;:&quot;&quot;},&quot;jet_parallax_layout_image_tablet&quot;:{&quot;url&quot;:&quot;&quot;,&quot;id&quot;:&quot;&quot;,&quot;size&quot;:&quot;&quot;},&quot;jet_parallax_layout_image_mobile&quot;:{&quot;url&quot;:&quot;&quot;,&quot;id&quot;:&quot;&quot;,&quot;size&quot;:&quot;&quot;},&quot;jet_parallax_layout_speed&quot;:{&quot;unit&quot;:&quot;%&quot;,&quot;size&quot;:50,&quot;sizes&quot;:[]},&quot;jet_parallax_layout_type&quot;:&quot;scroll&quot;,&quot;jet_parallax_layout_direction&quot;:null,&quot;jet_parallax_layout_fx_direction&quot;:null,&quot;jet_parallax_layout_z_index&quot;:&quot;&quot;,&quot;jet_parallax_layout_bg_x&quot;:50,&quot;jet_parallax_layout_bg_x_tablet&quot;:&quot;&quot;,&quot;jet_parallax_layout_bg_x_mobile&quot;:&quot;&quot;,&quot;jet_parallax_layout_bg_y&quot;:50,&quot;jet_parallax_layout_bg_y_tablet&quot;:&quot;&quot;,&quot;jet_parallax_layout_bg_y_mobile&quot;:&quot;&quot;,&quot;jet_parallax_layout_bg_size&quot;:&quot;auto&quot;,&quot;jet_parallax_layout_bg_size_tablet&quot;:&quot;&quot;,&quot;jet_parallax_layout_bg_size_mobile&quot;:&quot;&quot;,&quot;jet_parallax_layout_animation_prop&quot;:&quot;transform&quot;,&quot;jet_parallax_layout_on&quot;:[&quot;desktop&quot;,&quot;tablet&quot;]}],&quot;background_background&quot;:&quot;classic&quot;}\">\n\t\t\t\t\t\t<div class=\"elementor-container elementor-column-gap-default\">\n\t\t\t\t\t\t\t<div class=\"elementor-row\">\n\t\t\t\t\t<div class=\"elementor-column elementor-col-100 elementor-top-column elementor-element elementor-element-41c7c3ee ot-flex-column-vertical\" data-id=\"41c7c3ee\" data-element_type=\"column\">\n\t\t\t<div class=\"elementor-column-wrap elementor-element-populated\">\n\t\t\t\t\t\t\t<div class=\"elementor-widget-wrap\">\n\t\t\t\t\t\t<div class=\"elementor-element elementor-element-6e818f29 elementor-widget elementor-widget-text-editor\" data-id=\"6e818f29\" data-element_type=\"widget\" data-widget_type=\"text-editor.default\">\n\t\t\t\t<div class=\"elementor-widget-container\">\n\t\t\t\t\t\t\t\t<div class=\"elementor-text-editor elementor-clearfix\">\n\t\t\t\t<p><span class=\"elfsight-admin-page-widgets-list-item-shortcode-value\"><\/span><\/p>\t\t\t\t\t<\/div>\n\t\t\t\t\t\t<\/div>\n\t\t\t\t<\/div>\n\t\t\t\t\t\t<\/div>\n\t\t\t\t\t<\/div>\n\t\t<\/div>\n\t\t\t\t\t\t\t\t<\/div>\n\t\t\t\t\t<\/div>\n\t\t<\/section>\n\t\t\t\t<section class=\"elementor-section elementor-top-section elementor-element elementor-element-35e43d58 elementor-section-boxed elementor-section-height-default elementor-section-height-default\" data-id=\"35e43d58\" data-element_type=\"section\" data-settings=\"{&quot;jet_parallax_layout_list&quot;:[{&quot;_id&quot;:&quot;9f0cce2&quot;,&quot;jet_parallax_layout_image&quot;:{&quot;url&quot;:&quot;&quot;,&quot;id&quot;:&quot;&quot;,&quot;size&quot;:&quot;&quot;},&quot;jet_parallax_layout_image_tablet&quot;:{&quot;url&quot;:&quot;&quot;,&quot;id&quot;:&quot;&quot;,&quot;size&quot;:&quot;&quot;},&quot;jet_parallax_layout_image_mobile&quot;:{&quot;url&quot;:&quot;&quot;,&quot;id&quot;:&quot;&quot;,&quot;size&quot;:&quot;&quot;},&quot;jet_parallax_layout_speed&quot;:{&quot;unit&quot;:&quot;%&quot;,&quot;size&quot;:50,&quot;sizes&quot;:[]},&quot;jet_parallax_layout_type&quot;:&quot;scroll&quot;,&quot;jet_parallax_layout_direction&quot;:null,&quot;jet_parallax_layout_fx_direction&quot;:null,&quot;jet_parallax_layout_z_index&quot;:&quot;&quot;,&quot;jet_parallax_layout_bg_x&quot;:50,&quot;jet_parallax_layout_bg_x_tablet&quot;:&quot;&quot;,&quot;jet_parallax_layout_bg_x_mobile&quot;:&quot;&quot;,&quot;jet_parallax_layout_bg_y&quot;:50,&quot;jet_parallax_layout_bg_y_tablet&quot;:&quot;&quot;,&quot;jet_parallax_layout_bg_y_mobile&quot;:&quot;&quot;,&quot;jet_parallax_layout_bg_size&quot;:&quot;auto&quot;,&quot;jet_parallax_layout_bg_size_tablet&quot;:&quot;&quot;,&quot;jet_parallax_layout_bg_size_mobile&quot;:&quot;&quot;,&quot;jet_parallax_layout_animation_prop&quot;:&quot;transform&quot;,&quot;jet_parallax_layout_on&quot;:[&quot;desktop&quot;,&quot;tablet&quot;]}],&quot;background_background&quot;:&quot;classic&quot;}\">\n\t\t\t\t\t\t<div class=\"elementor-container elementor-column-gap-default\">\n\t\t\t\t\t\t\t<div class=\"elementor-row\">\n\t\t\t\t\t<div class=\"elementor-column elementor-col-50 elementor-top-column elementor-element elementor-element-22932ae1 ot-column-items-center ot-flex-column-vertical\" data-id=\"22932ae1\" data-element_type=\"column\" data-settings=\"{&quot;background_background&quot;:&quot;classic&quot;}\">\n\t\t\t<div class=\"elementor-column-wrap elementor-element-populated\">\n\t\t\t\t\t\t\t<div class=\"elementor-widget-wrap\">\n\t\t\t\t\t\t<div class=\"elementor-element elementor-element-2972d570 elementor-widget elementor-widget-image\" data-id=\"2972d570\" data-element_type=\"widget\" data-widget_type=\"image.default\">\n\t\t\t\t<div class=\"elementor-widget-container\">\n\t\t\t\t\t\t\t\t<div class=\"elementor-image\">\n\t\t\t\t\t\t\t\t\t\t\t\t<img loading=\"lazy\" decoding=\"async\" width=\"342\" height=\"172\" src=\"https:\/\/tmgroup.vn\/wp-content\/uploads\/2022\/06\/TMG-Logo-color.png\" class=\"attachment-full size-full wp-image-9895\" alt=\"\" srcset=\"https:\/\/tmgroup.vn\/wp-content\/uploads\/2022\/06\/TMG-Logo-color.png 342w, https:\/\/tmgroup.vn\/wp-content\/uploads\/2022\/06\/TMG-Logo-color-300x151.png 300w\" sizes=\"auto, (max-width: 342px) 100vw, 342px\" \/>\t\t\t\t\t\t\t\t\t\t\t\t\t\t<\/div>\n\t\t\t\t\t\t<\/div>\n\t\t\t\t<\/div>\n\t\t\t\t<div class=\"elementor-element elementor-element-587631fe elementor-widget elementor-widget-text-editor\" data-id=\"587631fe\" data-element_type=\"widget\" data-widget_type=\"text-editor.default\">\n\t\t\t\t<div class=\"elementor-widget-container\">\n\t\t\t\t\t\t\t\t<div class=\"elementor-text-editor elementor-clearfix\">\n\t\t\t\t<p><strong>V\u0103n ph\u00f2ng t\u1ea1i H\u00e0 N\u1ed9i :<br \/><\/strong>Flower Garden Hotel, s\u1ed1 46 Nguy\u1ec5n Tr\u01b0\u1eddng T\u1ed9, Ph\u01b0\u1eddng Ba \u0110\u00ecnh, th\u00e0nh ph\u1ed1 H\u00e0 N\u1ed9i.<br \/><strong>T:<\/strong>\u00a0+84 24 3926 3148 \u2013\u00a0<b>Hotline<\/b>: 0906309338<br \/><b>Email<\/b>: online.sales@tmgroup.vn<\/p>\t\t\t\t\t<\/div>\n\t\t\t\t\t\t<\/div>\n\t\t\t\t<\/div>\n\t\t\t\t<div class=\"elementor-element elementor-element-202c76a elementor-widget elementor-widget-text-editor\" data-id=\"202c76a\" data-element_type=\"widget\" data-widget_type=\"text-editor.default\">\n\t\t\t\t<div class=\"elementor-widget-container\">\n\t\t\t\t\t\t\t\t<div class=\"elementor-text-editor elementor-clearfix\">\n\t\t\t\t<p><strong>V\u0103n ph\u00f2ng t\u1ea1i Tp H\u1ed3 Ch\u00ed Minh:<br \/><\/strong>T\u1ea7ng 8, kh\u00e1ch s\u1ea1n \u00caMM S\u00e0i G\u00f2n, 157 Pasteur, Ph\u01b0\u1eddng Xu\u00e2n Ho\u00e0, TP. H\u1ed3 Ch\u00ed Minh.<br \/><strong>T:<\/strong> +84 283 8207 044 \u2013 <b>Hotline<\/b>: 0906309338<br \/><b>Email<\/b>: online.sales@tmgroup.vn<\/p>\t\t\t\t\t<\/div>\n\t\t\t\t\t\t<\/div>\n\t\t\t\t<\/div>\n\t\t\t\t\t\t<\/div>\n\t\t\t\t\t<\/div>\n\t\t<\/div>\n\t\t\t\t<div class=\"elementor-column elementor-col-50 elementor-top-column elementor-element elementor-element-582cb71c ot-flex-column-vertical\" data-id=\"582cb71c\" data-element_type=\"column\" data-settings=\"{&quot;background_background&quot;:&quot;classic&quot;}\">\n\t\t\t<div class=\"elementor-column-wrap elementor-element-populated\">\n\t\t\t\t\t\t\t<div class=\"elementor-widget-wrap\">\n\t\t\t\t\t\t<div class=\"elementor-element elementor-element-2cdb115b elementor-widget elementor-widget-heading\" data-id=\"2cdb115b\" data-element_type=\"widget\" data-widget_type=\"heading.default\">\n\t\t\t\t<div class=\"elementor-widget-container\">\n\t\t\t<h2 class=\"elementor-heading-title elementor-size-default\">LI\u00caN H\u1ec6 NGAY<\/h2>\t\t<\/div>\n\t\t\t\t<\/div>\n\t\t\t\t<div class=\"elementor-element elementor-element-316a78dd elementor-widget elementor-widget-text-editor\" data-id=\"316a78dd\" data-element_type=\"widget\" data-widget_type=\"text-editor.default\">\n\t\t\t\t<div class=\"elementor-widget-container\">\n\t\t\t\t\t\t\t\t<div class=\"elementor-text-editor elementor-clearfix\">\n\t\t\t\t<p style=\"text-align: justify;\">H\u00e3y g\u1eedi th\u01b0 y\u00eau c\u1ea7u cho ch\u00fang t\u00f4i h\u00f4m nay \u0111\u1ec3 nh\u1eadn \u0111\u01b0\u1ee3c t\u01b0 v\u1ea5n v\u1ec1 ch\u01b0\u01a1ng tr\u00ecnh kh\u00e1m ph\u00e1 \u0110\u00f4ng D\u01b0\u01a1ng \u0111\u00edch th\u1ef1c \u0111\u1eb7c s\u1eafc nh\u1ea5t v\u00e0 ph\u00f9 h\u1ee3p nh\u1ea5t cho chuy\u1ebfn du l\u1ecbch \u0111\u00e1ng nh\u1edb c\u1ee7a b\u1ea1n v\u00e0 gia \u0111\u00ecnh.<\/p>\t\t\t\t\t<\/div>\n\t\t\t\t\t\t<\/div>\n\t\t\t\t<\/div>\n\t\t\t\t<div class=\"elementor-element elementor-element-3e2515d elementor-button-align-end elementor-widget elementor-widget-form\" data-id=\"3e2515d\" data-element_type=\"widget\" data-settings=\"{&quot;step_next_label&quot;:&quot;Next&quot;,&quot;step_previous_label&quot;:&quot;Previous&quot;,&quot;button_width&quot;:&quot;100&quot;,&quot;step_type&quot;:&quot;number_text&quot;,&quot;step_icon_shape&quot;:&quot;circle&quot;}\" data-widget_type=\"form.default\">\n\t\t\t\t<div class=\"elementor-widget-container\">\n\t\t\t\t\t<form class=\"elementor-form\" method=\"post\" name=\"contact us\">\n\t\t\t<input type=\"hidden\" name=\"post_id\" value=\"11027\"\/>\n\t\t\t<input type=\"hidden\" name=\"form_id\" value=\"3e2515d\"\/>\n\t\t\t<input type=\"hidden\" name=\"referer_title\" value=\"Thien Minh Group | TMG | TMGROUP\" \/>\n\n\t\t\t\n\t\t\t<div class=\"elementor-form-fields-wrapper elementor-labels-above\">\n\t\t\t\t\t\t\t\t<div class=\"elementor-field-type-text elementor-field-group elementor-column elementor-field-group-name elementor-col-50 elementor-field-required\">\n\t\t\t\t\t\t\t\t\t\t\t\t\t<input size=\"1\" type=\"text\" name=\"form_fields[name]\" id=\"form-field-name\" class=\"elementor-field elementor-size-sm  elementor-field-textual\" placeholder=\"T\u00ean\" required=\"required\" aria-required=\"true\">\n\t\t\t\t\t\t\t\t\t\t\t<\/div>\n\t\t\t\t\t\t\t\t<div class=\"elementor-field-type-email elementor-field-group elementor-column elementor-field-group-email elementor-col-50 elementor-field-required\">\n\t\t\t\t\t\t\t\t\t\t\t\t\t<input size=\"1\" type=\"email\" name=\"form_fields[email]\" id=\"form-field-email\" class=\"elementor-field elementor-size-sm  elementor-field-textual\" placeholder=\"Email\" required=\"required\" aria-required=\"true\">\n\t\t\t\t\t\t\t\t\t\t\t<\/div>\n\t\t\t\t\t\t\t\t<div class=\"elementor-field-type-text elementor-field-group elementor-column elementor-field-group-subject elementor-col-100\">\n\t\t\t\t\t\t\t\t\t\t\t\t\t<input size=\"1\" type=\"text\" name=\"form_fields[subject]\" id=\"form-field-subject\" class=\"elementor-field elementor-size-sm  elementor-field-textual\" placeholder=\"Di \u0111\u1ed9ng\">\n\t\t\t\t\t\t\t\t\t\t\t<\/div>\n\t\t\t\t\t\t\t\t<div class=\"elementor-field-type-text elementor-field-group elementor-column elementor-field-group-field_ff4ba71 elementor-col-100\">\n\t\t\t\t\t\t\t\t\t\t\t\t\t<input size=\"1\" type=\"text\" name=\"form_fields[field_ff4ba71]\" id=\"form-field-field_ff4ba71\" class=\"elementor-field elementor-size-sm  elementor-field-textual\" placeholder=\"Y\u00eau c\u1ea7u\">\n\t\t\t\t\t\t\t\t\t\t\t<\/div>\n\t\t\t\t\t\t\t\t<div class=\"elementor-field-type-textarea elementor-field-group elementor-column elementor-field-group-message elementor-col-100\">\n\t\t\t\t\t<textarea class=\"elementor-field-textual elementor-field  elementor-size-sm\" name=\"form_fields[message]\" id=\"form-field-message\" rows=\"4\" placeholder=\"Chi ti\u1ebft y\u00eau c\u1ea7u\"><\/textarea>\t\t\t\t<\/div>\n\t\t\t\t\t\t\t\t<div class=\"elementor-field-group elementor-column elementor-field-type-submit elementor-col-100 e-form__buttons\">\n\t\t\t\t\t<button type=\"submit\" class=\"elementor-button elementor-size-sm\">\n\t\t\t\t\t\t<span >\n\t\t\t\t\t\t\t\t\t\t\t\t\t\t\t<span class=\" elementor-button-icon\">\n\t\t\t\t\t\t\t\t\t<i class=\"fa fa-send\" aria-hidden=\"true\"><\/i>\t\t\t\t\t\t\t\t\t\t\t\t\t\t\t\t\t<\/span>\n\t\t\t\t\t\t\t\t\t\t\t\t\t\t\t\t\t\t\t\t\t\t<span class=\"elementor-button-text\">Send<\/span>\n\t\t\t\t\t\t\t\t\t\t\t\t\t<\/span>\n\t\t\t\t\t<\/button>\n\t\t\t\t<\/div>\n\t\t\t<\/div>\n\t\t<\/form>\n\t\t\t\t<\/div>\n\t\t\t\t<\/div>\n\t\t\t\t\t\t<\/div>\n\t\t\t\t\t<\/div>\n\t\t<\/div>\n\t\t\t\t\t\t\t\t<\/div>\n\t\t\t\t\t<\/div>\n\t\t<\/section>\n\t\t\t\t\t\t\t\t\t<\/div>\n\t\t\t<\/div>\n\t\t\t\t\t<\/div>\n\t\t","protected":false},"excerpt":{"rendered":"<p>Trang ch\u1ee7 V\u0103n ph\u00f2ng t\u1ea1i H\u00e0 N\u1ed9i :Flower Garden Hotel, s\u1ed1 46 Nguy\u1ec5n Tr\u01b0\u1eddng T\u1ed9, Ph\u01b0\u1eddng Ba \u0110\u00ecnh, th\u00e0nh ph\u1ed1 H\u00e0 N\u1ed9i.T:\u00a0+84 24 3926 3148 \u2013\u00a0Hotline: 0906309338Email: online.sales@tmgroup.vn V\u0103n ph\u00f2ng t\u1ea1i Tp H\u1ed3 Ch\u00ed Minh:T\u1ea7ng 8, kh\u00e1ch s\u1ea1n \u00caMM S\u00e0i G\u00f2n, 157 Pasteur, Ph\u01b0\u1eddng Xu\u00e2n Ho\u00e0, TP. H\u1ed3 Ch\u00ed Minh.T: +84 283 8207 044 \u2013 [&hellip;]<\/p>\n","protected":false},"author":1,"featured_media":0,"parent":0,"menu_order":0,"comment_status":"closed","ping_status":"closed","template":"elementor_header_footer","meta":{"footnotes":""},"ppma_author":[1173],"class_list":["post-11027","page","type-page","status-publish","hentry"],"yoast_head":"<!-- This site is optimized with the Yoast SEO plugin v26.2 - https:\/\/yoast.com\/wordpress\/plugins\/seo\/ -->\n<title>Li\u00ean h\u1ec7 - Thien Minh Group | TMG | TMGROUP<\/title>\n<meta name=\"robots\" content=\"index, follow, max-snippet:-1, max-image-preview:large, max-video-preview:-1\" \/>\n<link rel=\"canonical\" href=\"https:\/\/tmgroup.vn\/vi\/lien-he\" \/>\n<meta property=\"og:locale\" content=\"vi_VN\" \/>\n<meta property=\"og:type\" content=\"article\" \/>\n<meta property=\"og:title\" content=\"Li\u00ean h\u1ec7 - Thien Minh Group | TMG | TMGROUP\" \/>\n<meta property=\"og:description\" content=\"Trang ch\u1ee7 V\u0103n ph\u00f2ng t\u1ea1i H\u00e0 N\u1ed9i :Flower Garden Hotel, s\u1ed1 46 Nguy\u1ec5n Tr\u01b0\u1eddng T\u1ed9, Ph\u01b0\u1eddng Ba \u0110\u00ecnh, th\u00e0nh ph\u1ed1 H\u00e0 N\u1ed9i.T:\u00a0+84 24 3926 3148 \u2013\u00a0Hotline: 0906309338Email: online.sales@tmgroup.vn V\u0103n ph\u00f2ng t\u1ea1i Tp H\u1ed3 Ch\u00ed Minh:T\u1ea7ng 8, kh\u00e1ch s\u1ea1n \u00caMM S\u00e0i G\u00f2n, 157 Pasteur, Ph\u01b0\u1eddng Xu\u00e2n Ho\u00e0, TP. H\u1ed3 Ch\u00ed Minh.T: +84 283 8207 044 \u2013 [&hellip;]\" \/>\n<meta property=\"og:url\" content=\"https:\/\/tmgroup.vn\/vi\/lien-he\" \/>\n<meta property=\"og:site_name\" content=\"Thien Minh Group | TMG | TMGROUP\" \/>\n<meta property=\"article:modified_time\" content=\"2025-07-07T03:38:45+00:00\" \/>\n<meta property=\"og:image\" content=\"https:\/\/tmgroup.vn\/wp-content\/uploads\/2022\/06\/TMG-Logo-color.png\" \/>\n\t<meta property=\"og:image:width\" content=\"342\" \/>\n\t<meta property=\"og:image:height\" content=\"172\" \/>\n\t<meta property=\"og:image:type\" content=\"image\/png\" \/>\n<meta name=\"twitter:card\" content=\"summary_large_image\" \/>\n<meta name=\"twitter:label1\" content=\"Est. reading time\" \/>\n\t<meta name=\"twitter:data1\" content=\"1 minute\" \/>\n<script type=\"application\/ld+json\" class=\"yoast-schema-graph\">{\"@context\":\"https:\/\/schema.org\",\"@graph\":[{\"@type\":\"WebPage\",\"@id\":\"https:\/\/tmgroup.vn\/vi\/lien-he\",\"url\":\"https:\/\/tmgroup.vn\/vi\/lien-he\",\"name\":\"Li\u00ean h\u1ec7 - Thien Minh Group | TMG | TMGROUP\",\"isPartOf\":{\"@id\":\"https:\/\/tmgroup.vn\/#website\"},\"primaryImageOfPage\":{\"@id\":\"https:\/\/tmgroup.vn\/vi\/lien-he#primaryimage\"},\"image\":{\"@id\":\"https:\/\/tmgroup.vn\/vi\/lien-he#primaryimage\"},\"thumbnailUrl\":\"https:\/\/tmgroup.vn\/wp-content\/uploads\/2022\/06\/TMG-Logo-color.png\",\"datePublished\":\"2022-08-09T03:52:24+00:00\",\"dateModified\":\"2025-07-07T03:38:45+00:00\",\"breadcrumb\":{\"@id\":\"https:\/\/tmgroup.vn\/vi\/lien-he#breadcrumb\"},\"inLanguage\":\"vi-VN\",\"potentialAction\":[{\"@type\":\"ReadAction\",\"target\":[\"https:\/\/tmgroup.vn\/vi\/lien-he\"]}]},{\"@type\":\"ImageObject\",\"inLanguage\":\"vi-VN\",\"@id\":\"https:\/\/tmgroup.vn\/vi\/lien-he#primaryimage\",\"url\":\"https:\/\/tmgroup.vn\/wp-content\/uploads\/2022\/06\/TMG-Logo-color.png\",\"contentUrl\":\"https:\/\/tmgroup.vn\/wp-content\/uploads\/2022\/06\/TMG-Logo-color.png\"},{\"@type\":\"BreadcrumbList\",\"@id\":\"https:\/\/tmgroup.vn\/vi\/lien-he#breadcrumb\",\"itemListElement\":[{\"@type\":\"ListItem\",\"position\":1,\"name\":\"Home\",\"item\":\"https:\/\/tmgroup.vn\/\"},{\"@type\":\"ListItem\",\"position\":2,\"name\":\"Li\u00ean h\u1ec7\"}]},{\"@type\":\"WebSite\",\"@id\":\"https:\/\/tmgroup.vn\/#website\",\"url\":\"https:\/\/tmgroup.vn\/\",\"name\":\"Thien Minh Group | TMG | TMGROUP\",\"description\":\"\",\"publisher\":{\"@id\":\"https:\/\/tmgroup.vn\/#organization\"},\"potentialAction\":[{\"@type\":\"SearchAction\",\"target\":{\"@type\":\"EntryPoint\",\"urlTemplate\":\"https:\/\/tmgroup.vn\/?s={search_term_string}\"},\"query-input\":{\"@type\":\"PropertyValueSpecification\",\"valueRequired\":true,\"valueName\":\"search_term_string\"}}],\"inLanguage\":\"vi-VN\"},{\"@type\":\"Organization\",\"@id\":\"https:\/\/tmgroup.vn\/#organization\",\"name\":\"Thien Minh Group | TMG | TMGROUP\",\"url\":\"https:\/\/tmgroup.vn\/\",\"logo\":{\"@type\":\"ImageObject\",\"inLanguage\":\"vi-VN\",\"@id\":\"https:\/\/tmgroup.vn\/#\/schema\/logo\/image\/\",\"url\":\"https:\/\/tmgroup.vn\/wp-content\/uploads\/2022\/06\/TMG-Logo-color.png\",\"contentUrl\":\"https:\/\/tmgroup.vn\/wp-content\/uploads\/2022\/06\/TMG-Logo-color.png\",\"width\":342,\"height\":172,\"caption\":\"Thien Minh Group | TMG | TMGROUP\"},\"image\":{\"@id\":\"https:\/\/tmgroup.vn\/#\/schema\/logo\/image\/\"}}]}<\/script>\n<!-- \/ Yoast SEO plugin. -->","yoast_head_json":{"title":"Li\u00ean h\u1ec7 - Thien Minh Group | TMG | TMGROUP","robots":{"index":"index","follow":"follow","max-snippet":"max-snippet:-1","max-image-preview":"max-image-preview:large","max-video-preview":"max-video-preview:-1"},"canonical":"https:\/\/tmgroup.vn\/vi\/lien-he","og_locale":"vi_VN","og_type":"article","og_title":"Li\u00ean h\u1ec7 - Thien Minh Group | TMG | TMGROUP","og_description":"Trang ch\u1ee7 V\u0103n ph\u00f2ng t\u1ea1i H\u00e0 N\u1ed9i :Flower Garden Hotel, s\u1ed1 46 Nguy\u1ec5n Tr\u01b0\u1eddng T\u1ed9, Ph\u01b0\u1eddng Ba \u0110\u00ecnh, th\u00e0nh ph\u1ed1 H\u00e0 N\u1ed9i.T:\u00a0+84 24 3926 3148 \u2013\u00a0Hotline: 0906309338Email: online.sales@tmgroup.vn V\u0103n ph\u00f2ng t\u1ea1i Tp H\u1ed3 Ch\u00ed Minh:T\u1ea7ng 8, kh\u00e1ch s\u1ea1n \u00caMM S\u00e0i G\u00f2n, 157 Pasteur, Ph\u01b0\u1eddng Xu\u00e2n Ho\u00e0, TP. H\u1ed3 Ch\u00ed Minh.T: +84 283 8207 044 \u2013 [&hellip;]","og_url":"https:\/\/tmgroup.vn\/vi\/lien-he","og_site_name":"Thien Minh Group | TMG | TMGROUP","article_modified_time":"2025-07-07T03:38:45+00:00","og_image":[{"width":342,"height":172,"url":"https:\/\/tmgroup.vn\/wp-content\/uploads\/2022\/06\/TMG-Logo-color.png","type":"image\/png"}],"twitter_card":"summary_large_image","twitter_misc":{"Est. reading time":"1 minute"},"schema":{"@context":"https:\/\/schema.org","@graph":[{"@type":"WebPage","@id":"https:\/\/tmgroup.vn\/vi\/lien-he","url":"https:\/\/tmgroup.vn\/vi\/lien-he","name":"Li\u00ean h\u1ec7 - Thien Minh Group | TMG | TMGROUP","isPartOf":{"@id":"https:\/\/tmgroup.vn\/#website"},"primaryImageOfPage":{"@id":"https:\/\/tmgroup.vn\/vi\/lien-he#primaryimage"},"image":{"@id":"https:\/\/tmgroup.vn\/vi\/lien-he#primaryimage"},"thumbnailUrl":"https:\/\/tmgroup.vn\/wp-content\/uploads\/2022\/06\/TMG-Logo-color.png","datePublished":"2022-08-09T03:52:24+00:00","dateModified":"2025-07-07T03:38:45+00:00","breadcrumb":{"@id":"https:\/\/tmgroup.vn\/vi\/lien-he#breadcrumb"},"inLanguage":"vi-VN","potentialAction":[{"@type":"ReadAction","target":["https:\/\/tmgroup.vn\/vi\/lien-he"]}]},{"@type":"ImageObject","inLanguage":"vi-VN","@id":"https:\/\/tmgroup.vn\/vi\/lien-he#primaryimage","url":"https:\/\/tmgroup.vn\/wp-content\/uploads\/2022\/06\/TMG-Logo-color.png","contentUrl":"https:\/\/tmgroup.vn\/wp-content\/uploads\/2022\/06\/TMG-Logo-color.png"},{"@type":"BreadcrumbList","@id":"https:\/\/tmgroup.vn\/vi\/lien-he#breadcrumb","itemListElement":[{"@type":"ListItem","position":1,"name":"Home","item":"https:\/\/tmgroup.vn\/"},{"@type":"ListItem","position":2,"name":"Li\u00ean h\u1ec7"}]},{"@type":"WebSite","@id":"https:\/\/tmgroup.vn\/#website","url":"https:\/\/tmgroup.vn\/","name":"Thien Minh Group | TMG | TMGROUP","description":"","publisher":{"@id":"https:\/\/tmgroup.vn\/#organization"},"potentialAction":[{"@type":"SearchAction","target":{"@type":"EntryPoint","urlTemplate":"https:\/\/tmgroup.vn\/?s={search_term_string}"},"query-input":{"@type":"PropertyValueSpecification","valueRequired":true,"valueName":"search_term_string"}}],"inLanguage":"vi-VN"},{"@type":"Organization","@id":"https:\/\/tmgroup.vn\/#organization","name":"Thien Minh Group | TMG | TMGROUP","url":"https:\/\/tmgroup.vn\/","logo":{"@type":"ImageObject","inLanguage":"vi-VN","@id":"https:\/\/tmgroup.vn\/#\/schema\/logo\/image\/","url":"https:\/\/tmgroup.vn\/wp-content\/uploads\/2022\/06\/TMG-Logo-color.png","contentUrl":"https:\/\/tmgroup.vn\/wp-content\/uploads\/2022\/06\/TMG-Logo-color.png","width":342,"height":172,"caption":"Thien Minh Group | TMG | TMGROUP"},"image":{"@id":"https:\/\/tmgroup.vn\/#\/schema\/logo\/image\/"}}]}},"_links":{"self":[{"href":"https:\/\/tmgroup.vn\/vi\/wp-json\/wp\/v2\/pages\/11027","targetHints":{"allow":["GET"]}}],"collection":[{"href":"https:\/\/tmgroup.vn\/vi\/wp-json\/wp\/v2\/pages"}],"about":[{"href":"https:\/\/tmgroup.vn\/vi\/wp-json\/wp\/v2\/types\/page"}],"author":[{"embeddable":true,"href":"https:\/\/tmgroup.vn\/vi\/wp-json\/wp\/v2\/users\/1"}],"replies":[{"embeddable":true,"href":"https:\/\/tmgroup.vn\/vi\/wp-json\/wp\/v2\/comments?post=11027"}],"version-history":[{"count":7,"href":"https:\/\/tmgroup.vn\/vi\/wp-json\/wp\/v2\/pages\/11027\/revisions"}],"predecessor-version":[{"id":39417,"href":"https:\/\/tmgroup.vn\/vi\/wp-json\/wp\/v2\/pages\/11027\/revisions\/39417"}],"wp:attachment":[{"href":"https:\/\/tmgroup.vn\/vi\/wp-json\/wp\/v2\/media?parent=11027"}],"wp:term":[{"taxonomy":"author","embeddable":true,"href":"https:\/\/tmgroup.vn\/vi\/wp-json\/wp\/v2\/ppma_author?post=11027"}],"curies":[{"name":"wp","href":"https:\/\/api.w.org\/{rel}","templated":true}]}}