{"id":11083,"date":"2022-08-09T10:58:57","date_gmt":"2022-08-09T03:58:57","guid":{"rendered":"https:\/\/tmgroup.vn\/?page_id=11083"},"modified":"2022-08-10T11:09:37","modified_gmt":"2022-08-10T04:09:37","slug":"con-nguoi","status":"publish","type":"page","link":"https:\/\/tmgroup.vn\/vi\/con-nguoi","title":{"rendered":"Con ng\u01b0\u1eddi"},"content":{"rendered":"\t\t<div data-elementor-type=\"wp-post\" data-elementor-id=\"11083\" class=\"elementor elementor-11083\">\n\t\t\t\t\t\t<div class=\"elementor-inner\">\n\t\t\t\t<div class=\"elementor-section-wrap\">\n\t\t\t\t\t\t\t\t\t<section class=\"elementor-section elementor-top-section elementor-element elementor-element-f3d9ec9 elementor-section-full_width elementor-section-height-default elementor-section-height-default\" data-id=\"f3d9ec9\" data-element_type=\"section\" data-settings=\"{&quot;jet_parallax_layout_list&quot;:[]}\">\n\t\t\t\t\t\t<div class=\"elementor-container elementor-column-gap-no\">\n\t\t\t\t\t\t\t<div class=\"elementor-row\">\n\t\t\t\t\t<div class=\"elementor-column elementor-col-100 elementor-top-column elementor-element elementor-element-7c1c2d38 ot-flex-column-vertical\" data-id=\"7c1c2d38\" data-element_type=\"column\">\n\t\t\t<div class=\"elementor-column-wrap\">\n\t\t\t\t\t\t\t<div class=\"elementor-widget-wrap\">\n\t\t\t\t\t\t\t\t<\/div>\n\t\t\t\t\t<\/div>\n\t\t<\/div>\n\t\t\t\t\t\t\t\t<\/div>\n\t\t\t\t\t<\/div>\n\t\t<\/section>\n\t\t\t\t<section class=\"elementor-section elementor-top-section elementor-element elementor-element-9d29723 elementor-section-boxed elementor-section-height-default elementor-section-height-default\" data-id=\"9d29723\" data-element_type=\"section\" data-settings=\"{&quot;background_background&quot;:&quot;classic&quot;,&quot;jet_parallax_layout_list&quot;:[]}\">\n\t\t\t\t\t\t<div class=\"elementor-container elementor-column-gap-default\">\n\t\t\t\t\t\t\t<div class=\"elementor-row\">\n\t\t\t\t\t<div class=\"elementor-column elementor-col-100 elementor-top-column elementor-element elementor-element-730359c5 ot-flex-column-vertical\" data-id=\"730359c5\" data-element_type=\"column\">\n\t\t\t<div class=\"elementor-column-wrap elementor-element-populated\">\n\t\t\t\t\t\t\t<div class=\"elementor-widget-wrap\">\n\t\t\t\t\t\t<div class=\"elementor-element elementor-element-67c6f9f elementor-widget elementor-widget-text-editor\" data-id=\"67c6f9f\" data-element_type=\"widget\" data-widget_type=\"text-editor.default\">\n\t\t\t\t<div class=\"elementor-widget-container\">\n\t\t\t\t\t\t\t\t<div class=\"elementor-text-editor elementor-clearfix\">\n\t\t\t\t<p><span style=\"font-weight: bolder; color: #7a7a7a; font-family: VFont;\">TMGers \u2013 Nh\u00e2n s\u1ef1 TMG l\u00e0 nh\u1eefng ng\u01b0\u1eddi hi\u1ec3u r\u00f5 v\u00e0 th\u1ec3 hi\u1ec7n \u0111\u00fang c\u00e1c gi\u00e1 tr\u1ecb c\u1ed1t l\u00f5i c\u1ee7a TMG. Ch\u00fang t\u00f4i \u0111\u1ed3ng th\u1eddi l\u00e0 ng\u01b0\u1eddi truy\u1ec1n c\u1ea3m h\u1ee9ng v\u00e0 lu\u00f4n \u0111\u1ed3ng h\u00e0nh c\u00f9ng kh\u00e1ch h\u00e0ng tr\u00ean m\u1ecdi h\u00e0nh tr\u00ecnh. Ch\u00fang t\u00f4i \u0111\u1ebfn t\u1eeb nh\u1eefng n\u1ec1n v\u0103n h\u00f3a kh\u00e1c nhau, t\u00ednh c\u00e1ch kh\u00e1c nhau nh\u01b0ng \u0111\u1ec1u v\u00ec m\u1ed9t m\u1ee5c ti\u00eau chung cho s\u1ef1 ph\u00e1t tri\u1ec3n b\u1ec1n v\u1eefng v\u00e0 th\u1ecbnh v\u01b0\u1ee3ng c\u1ee7a TMG.<\/span><\/p>\t\t\t\t\t<\/div>\n\t\t\t\t\t\t<\/div>\n\t\t\t\t<\/div>\n\t\t\t\t<div class=\"elementor-element elementor-element-755bf15 elementor-widget elementor-widget-spacer\" data-id=\"755bf15\" data-element_type=\"widget\" data-widget_type=\"spacer.default\">\n\t\t\t\t<div class=\"elementor-widget-container\">\n\t\t\t\t\t<div class=\"elementor-spacer\">\n\t\t\t<div class=\"elementor-spacer-inner\"><\/div>\n\t\t<\/div>\n\t\t\t\t<\/div>\n\t\t\t\t<\/div>\n\t\t\t\t<section class=\"elementor-section elementor-inner-section elementor-element elementor-element-8e4f2a9 elementor-section-boxed elementor-section-height-default elementor-section-height-default\" data-id=\"8e4f2a9\" data-element_type=\"section\" data-settings=\"{&quot;jet_parallax_layout_list&quot;:[]}\">\n\t\t\t\t\t\t<div class=\"elementor-container elementor-column-gap-default\">\n\t\t\t\t\t\t\t<div class=\"elementor-row\">\n\t\t\t\t\t<div class=\"elementor-column elementor-col-33 elementor-inner-column elementor-element elementor-element-2e06e98 ot-flex-column-vertical\" data-id=\"2e06e98\" data-element_type=\"column\">\n\t\t\t<div class=\"elementor-column-wrap elementor-element-populated\">\n\t\t\t\t\t\t\t<div class=\"elementor-widget-wrap\">\n\t\t\t\t\t\t<div class=\"elementor-element elementor-element-a5878e1 elementor-widget elementor-widget-heading\" data-id=\"a5878e1\" data-element_type=\"widget\" data-widget_type=\"heading.default\">\n\t\t\t\t<div class=\"elementor-widget-container\">\n\t\t\t<h2 class=\"elementor-heading-title elementor-size-default\"><a href=\"https:\/\/tmgroup.vn\/people\/how-we-hire\/\">Cu\u1ed9c s\u1ed1ng TMG<\/a><\/h2>\t\t<\/div>\n\t\t\t\t<\/div>\n\t\t\t\t<div class=\"elementor-element elementor-element-f0af047 elementor-widget elementor-widget-text-editor\" data-id=\"f0af047\" data-element_type=\"widget\" data-widget_type=\"text-editor.default\">\n\t\t\t\t<div class=\"elementor-widget-container\">\n\t\t\t\t\t\t\t\t<div class=\"elementor-text-editor elementor-clearfix\">\n\t\t\t\t<p>Ch\u00fang t\u00f4i gi\u00fap kh\u01a1i g\u1ee3i ti\u1ec1m n\u0103ng s\u00e1ng t\u1ea1o trong c\u00f4ng vi\u1ec7c c\u1ee7a nh\u00e2n vi\u00ean.\u00a0<\/p>\t\t\t\t\t<\/div>\n\t\t\t\t\t\t<\/div>\n\t\t\t\t<\/div>\n\t\t\t\t\t\t<\/div>\n\t\t\t\t\t<\/div>\n\t\t<\/div>\n\t\t\t\t<div class=\"elementor-column elementor-col-33 elementor-inner-column elementor-element elementor-element-73c7069 ot-flex-column-vertical\" data-id=\"73c7069\" data-element_type=\"column\">\n\t\t\t<div class=\"elementor-column-wrap elementor-element-populated\">\n\t\t\t\t\t\t\t<div class=\"elementor-widget-wrap\">\n\t\t\t\t\t\t<div class=\"elementor-element elementor-element-a2b80c7 elementor-widget elementor-widget-heading\" data-id=\"a2b80c7\" data-element_type=\"widget\" data-widget_type=\"heading.default\">\n\t\t\t\t<div class=\"elementor-widget-container\">\n\t\t\t<h2 class=\"elementor-heading-title elementor-size-default\"><a href=\"https:\/\/tmgroup.vn\/people\/how-we-hire\/\">Ph\u01b0\u01a1ng th\u1ee9c tuy\u1ec3n d\u1ee5ng<\/a><\/h2>\t\t<\/div>\n\t\t\t\t<\/div>\n\t\t\t\t<div class=\"elementor-element elementor-element-69b2477 elementor-widget elementor-widget-text-editor\" data-id=\"69b2477\" data-element_type=\"widget\" data-widget_type=\"text-editor.default\">\n\t\t\t\t<div class=\"elementor-widget-container\">\n\t\t\t\t\t\t\t\t<div class=\"elementor-text-editor elementor-clearfix\">\n\t\t\t\t<p>N\u1ebfu b\u1ea1n \u0111ang t\u00ecm ki\u1ebfm m\u1ed9t n\u01a1i \u0111\u00e1nh gi\u00e1 cao s\u1ef1 t\u00f2 m\u00f2, ni\u1ec1m \u0111am m\u00ea, ham h\u1ecdc h\u1ecfi v\u00e0 mong mu\u1ed1n ch\u1ea5p nh\u1eadn nh\u1eefng th\u1eed th\u00e1ch m\u1edbi, th\u00ec b\u1ea1n l\u00e0 m\u1ed9t TMGers trong t\u01b0\u01a1ng lai.<\/p>\t\t\t\t\t<\/div>\n\t\t\t\t\t\t<\/div>\n\t\t\t\t<\/div>\n\t\t\t\t\t\t<\/div>\n\t\t\t\t\t<\/div>\n\t\t<\/div>\n\t\t\t\t<div class=\"elementor-column elementor-col-33 elementor-inner-column elementor-element elementor-element-8835cfd ot-flex-column-vertical\" data-id=\"8835cfd\" data-element_type=\"column\">\n\t\t\t<div class=\"elementor-column-wrap elementor-element-populated\">\n\t\t\t\t\t\t\t<div class=\"elementor-widget-wrap\">\n\t\t\t\t\t\t<div class=\"elementor-element elementor-element-ed68bbe elementor-widget elementor-widget-heading\" data-id=\"ed68bbe\" data-element_type=\"widget\" data-widget_type=\"heading.default\">\n\t\t\t\t<div class=\"elementor-widget-container\">\n\t\t\t<h2 class=\"elementor-heading-title elementor-size-default\"><a href=\"https:\/\/tmgroup.vn\/people\/how-we-hire\/\">G\u00f3c \u1ee9ng tuy\u1ec3n <\/a><\/h2>\t\t<\/div>\n\t\t\t\t<\/div>\n\t\t\t\t<div class=\"elementor-element elementor-element-a5968be elementor-widget elementor-widget-text-editor\" data-id=\"a5968be\" data-element_type=\"widget\" data-widget_type=\"text-editor.default\">\n\t\t\t\t<div class=\"elementor-widget-container\">\n\t\t\t\t\t\t\t\t<div class=\"elementor-text-editor elementor-clearfix\">\n\t\t\t\t<p><span style=\"color: #003b71;\"><a style=\"color: #003b71;\" href=\"https:\/\/tmgroup.vn\/people\/search-apply\" target=\"_blank\" rel=\"noopener\">H\u00e3y c\u00f9ng tham gia v\u00e0o ng\u00f4i nh\u00e0 chung TMG!<\/a><\/span><\/p>\t\t\t\t\t<\/div>\n\t\t\t\t\t\t<\/div>\n\t\t\t\t<\/div>\n\t\t\t\t\t\t<\/div>\n\t\t\t\t\t<\/div>\n\t\t<\/div>\n\t\t\t\t\t\t\t\t<\/div>\n\t\t\t\t\t<\/div>\n\t\t<\/section>\n\t\t\t\t<div class=\"elementor-element elementor-element-5af8fb1e elementor-widget elementor-widget-spacer\" data-id=\"5af8fb1e\" data-element_type=\"widget\" data-widget_type=\"spacer.default\">\n\t\t\t\t<div class=\"elementor-widget-container\">\n\t\t\t\t\t<div class=\"elementor-spacer\">\n\t\t\t<div class=\"elementor-spacer-inner\"><\/div>\n\t\t<\/div>\n\t\t\t\t<\/div>\n\t\t\t\t<\/div>\n\t\t\t\t\t\t<\/div>\n\t\t\t\t\t<\/div>\n\t\t<\/div>\n\t\t\t\t\t\t\t\t<\/div>\n\t\t\t\t\t<\/div>\n\t\t<\/section>\n\t\t\t\t<section class=\"elementor-section elementor-top-section elementor-element elementor-element-48a6113d elementor-section-boxed elementor-section-height-default elementor-section-height-default\" data-id=\"48a6113d\" data-element_type=\"section\" data-settings=\"{&quot;background_background&quot;:&quot;classic&quot;,&quot;jet_parallax_layout_list&quot;:[]}\">\n\t\t\t\t\t\t<div class=\"elementor-container elementor-column-gap-default\">\n\t\t\t\t\t\t\t<div class=\"elementor-row\">\n\t\t\t\t\t<div class=\"elementor-column elementor-col-100 elementor-top-column elementor-element elementor-element-38e6154a ot-flex-column-vertical\" data-id=\"38e6154a\" data-element_type=\"column\">\n\t\t\t<div class=\"elementor-column-wrap elementor-element-populated\">\n\t\t\t\t\t\t\t<div class=\"elementor-widget-wrap\">\n\t\t\t\t\t\t<div class=\"elementor-element elementor-element-7c00578a elementor-nav-menu__align-center elementor-nav-menu--dropdown-tablet elementor-nav-menu__text-align-aside elementor-nav-menu--toggle elementor-nav-menu--burger elementor-widget elementor-widget-nav-menu\" data-id=\"7c00578a\" data-element_type=\"widget\" data-settings=\"{&quot;layout&quot;:&quot;horizontal&quot;,&quot;submenu_icon&quot;:{&quot;value&quot;:&quot;&lt;i class=\\&quot;fas fa-caret-down\\&quot;&gt;&lt;\\\/i&gt;&quot;,&quot;library&quot;:&quot;fa-solid&quot;},&quot;toggle&quot;:&quot;burger&quot;}\" data-widget_type=\"nav-menu.default\">\n\t\t\t\t<div class=\"elementor-widget-container\">\n\t\t\t\t\t\t<nav class=\"elementor-nav-menu--main elementor-nav-menu__container elementor-nav-menu--layout-horizontal e--pointer-underline e--animation-fade\">\n\t\t\t\t<ul id=\"menu-1-7c00578a\" class=\"elementor-nav-menu\"><li class=\"menu-item menu-item-type-post_type menu-item-object-page menu-item-has-children menu-item-4001\"><a href=\"https:\/\/tmgroup.vn\/about-tmg\/achievements-awards-old\" class=\"elementor-item\">Th\u00e0nh t\u1ef1u v\u00e0 gi\u1ea3i th\u01b0\u1edfng<\/a>\n<ul class=\"sub-menu elementor-nav-menu--dropdown\">\n\t<li class=\"menu-item menu-item-type-post_type menu-item-object-page menu-item-4002\"><a href=\"https:\/\/tmgroup.vn\/about-tmg\/achievements-awards-old\/aviation-awards\" class=\"elementor-sub-item\">Gi\u1ea3i th\u01b0\u1edfng H\u00e0ng kh\u00f4ng<\/a><\/li>\n\t<li class=\"menu-item menu-item-type-post_type menu-item-object-page menu-item-4003\"><a href=\"https:\/\/tmgroup.vn\/about-tmg\/achievements-awards-old\/corporate-awards\" class=\"elementor-sub-item\">Gi\u1ea3i th\u01b0\u1edfng doanh nghi\u1ec7p<\/a><\/li>\n\t<li class=\"menu-item menu-item-type-post_type menu-item-object-page menu-item-4004\"><a href=\"https:\/\/tmgroup.vn\/about-tmg\/achievements-awards-old\/destinations-management-awards\" class=\"elementor-sub-item\">Gi\u1ea3i th\u01b0\u1edfng du l\u1ecbch<\/a><\/li>\n\t<li class=\"menu-item menu-item-type-post_type menu-item-object-page menu-item-4005\"><a href=\"https:\/\/tmgroup.vn\/about-tmg\/achievements-awards-old\/hospitality-awards\" class=\"elementor-sub-item\">Gi\u1ea3i th\u01b0\u1edfng kh\u00e1ch s\u1ea1n<\/a><\/li>\n\t<li class=\"menu-item menu-item-type-post_type menu-item-object-page menu-item-4006\"><a href=\"https:\/\/tmgroup.vn\/about-tmg\/achievements-awards-old\/online-awards\" class=\"elementor-sub-item\">Gi\u1ea3i th\u01b0\u1edfng tr\u1ef1c tuy\u1ebfn<\/a><\/li>\n<\/ul>\n<\/li>\n<li class=\"menu-item menu-item-type-post_type menu-item-object-page menu-item-4007\"><a href=\"https:\/\/tmgroup.vn\/about-tmg\/our-leadership-old\" class=\"elementor-item\">Ban l\u00e3nh \u0111\u1ea1o<\/a><\/li>\n<li class=\"menu-item menu-item-type-post_type menu-item-object-page menu-item-has-children menu-item-4008\"><a href=\"https:\/\/tmgroup.vn\/?page_id=23\" class=\"elementor-item\">H\u00e0nh tr\u00ecnh ph\u00e1t tri\u1ec3n<\/a>\n<ul class=\"sub-menu elementor-nav-menu--dropdown\">\n\t<li class=\"menu-item menu-item-type-post_type menu-item-object-page menu-item-4010\"><a href=\"https:\/\/tmgroup.vn\/?page_id=27\" class=\"elementor-sub-item\">2006 &#8211; 2010: V\u01b0\u01a1n l\u00ean<\/a><\/li>\n\t<li class=\"menu-item menu-item-type-post_type menu-item-object-page menu-item-4011\"><a href=\"https:\/\/tmgroup.vn\/about-tmg\/pathway-of-development\/2011-2016-explosive-growth\" class=\"elementor-sub-item\">2011 &#8211; 2016: B\u00f9ng n\u1ed5<\/a><\/li>\n\t<li class=\"menu-item menu-item-type-post_type menu-item-object-page menu-item-4012\"><a href=\"https:\/\/tmgroup.vn\/about-tmg\/pathway-of-development\/2017-2019-buffalo-tours-divestment-and-new-projects\" class=\"elementor-sub-item\">2017- Hi\u1ec7n t\u1ea1i: Thay \u0111\u1ed5i v\u00e0 l\u1edbn m\u1ea1nh<\/a><\/li>\n\t<li class=\"menu-item menu-item-type-post_type menu-item-object-page menu-item-4013\"><a href=\"https:\/\/tmgroup.vn\/about-tmg\/pathway-of-development\/tmgs-future-adventure-to-the-whole-new-levels\" class=\"elementor-sub-item\">TMG trong t\u01b0\u01a1ng lai<\/a><\/li>\n<\/ul>\n<\/li>\n<\/ul>\t\t\t<\/nav>\n\t\t\t\t\t<div class=\"elementor-menu-toggle\" role=\"button\" tabindex=\"0\" aria-label=\"Menu Toggle\" aria-expanded=\"false\">\n\t\t\t<i aria-hidden=\"true\" role=\"presentation\" class=\"elementor-menu-toggle__icon--open eicon-menu-bar\"><\/i><i aria-hidden=\"true\" role=\"presentation\" class=\"elementor-menu-toggle__icon--close eicon-close\"><\/i>\t\t\t<span class=\"elementor-screen-only\">Menu<\/span>\n\t\t<\/div>\n\t\t\t\t\t<nav class=\"elementor-nav-menu--dropdown elementor-nav-menu__container\" aria-hidden=\"true\">\n\t\t\t\t<ul id=\"menu-2-7c00578a\" class=\"elementor-nav-menu\"><li class=\"menu-item menu-item-type-post_type menu-item-object-page menu-item-has-children menu-item-4001\"><a href=\"https:\/\/tmgroup.vn\/about-tmg\/achievements-awards-old\" class=\"elementor-item\" tabindex=\"-1\">Th\u00e0nh t\u1ef1u v\u00e0 gi\u1ea3i th\u01b0\u1edfng<\/a>\n<ul class=\"sub-menu elementor-nav-menu--dropdown\">\n\t<li class=\"menu-item menu-item-type-post_type menu-item-object-page menu-item-4002\"><a href=\"https:\/\/tmgroup.vn\/about-tmg\/achievements-awards-old\/aviation-awards\" class=\"elementor-sub-item\" tabindex=\"-1\">Gi\u1ea3i th\u01b0\u1edfng H\u00e0ng kh\u00f4ng<\/a><\/li>\n\t<li class=\"menu-item menu-item-type-post_type menu-item-object-page menu-item-4003\"><a href=\"https:\/\/tmgroup.vn\/about-tmg\/achievements-awards-old\/corporate-awards\" class=\"elementor-sub-item\" tabindex=\"-1\">Gi\u1ea3i th\u01b0\u1edfng doanh nghi\u1ec7p<\/a><\/li>\n\t<li class=\"menu-item menu-item-type-post_type menu-item-object-page menu-item-4004\"><a href=\"https:\/\/tmgroup.vn\/about-tmg\/achievements-awards-old\/destinations-management-awards\" class=\"elementor-sub-item\" tabindex=\"-1\">Gi\u1ea3i th\u01b0\u1edfng du l\u1ecbch<\/a><\/li>\n\t<li class=\"menu-item menu-item-type-post_type menu-item-object-page menu-item-4005\"><a href=\"https:\/\/tmgroup.vn\/about-tmg\/achievements-awards-old\/hospitality-awards\" class=\"elementor-sub-item\" tabindex=\"-1\">Gi\u1ea3i th\u01b0\u1edfng kh\u00e1ch s\u1ea1n<\/a><\/li>\n\t<li class=\"menu-item menu-item-type-post_type menu-item-object-page menu-item-4006\"><a href=\"https:\/\/tmgroup.vn\/about-tmg\/achievements-awards-old\/online-awards\" class=\"elementor-sub-item\" tabindex=\"-1\">Gi\u1ea3i th\u01b0\u1edfng tr\u1ef1c tuy\u1ebfn<\/a><\/li>\n<\/ul>\n<\/li>\n<li class=\"menu-item menu-item-type-post_type menu-item-object-page menu-item-4007\"><a href=\"https:\/\/tmgroup.vn\/about-tmg\/our-leadership-old\" class=\"elementor-item\" tabindex=\"-1\">Ban l\u00e3nh \u0111\u1ea1o<\/a><\/li>\n<li class=\"menu-item menu-item-type-post_type menu-item-object-page menu-item-has-children menu-item-4008\"><a href=\"https:\/\/tmgroup.vn\/?page_id=23\" class=\"elementor-item\" tabindex=\"-1\">H\u00e0nh tr\u00ecnh ph\u00e1t tri\u1ec3n<\/a>\n<ul class=\"sub-menu elementor-nav-menu--dropdown\">\n\t<li class=\"menu-item menu-item-type-post_type menu-item-object-page menu-item-4010\"><a href=\"https:\/\/tmgroup.vn\/?page_id=27\" class=\"elementor-sub-item\" tabindex=\"-1\">2006 &#8211; 2010: V\u01b0\u01a1n l\u00ean<\/a><\/li>\n\t<li class=\"menu-item menu-item-type-post_type menu-item-object-page menu-item-4011\"><a href=\"https:\/\/tmgroup.vn\/about-tmg\/pathway-of-development\/2011-2016-explosive-growth\" class=\"elementor-sub-item\" tabindex=\"-1\">2011 &#8211; 2016: B\u00f9ng n\u1ed5<\/a><\/li>\n\t<li class=\"menu-item menu-item-type-post_type menu-item-object-page menu-item-4012\"><a href=\"https:\/\/tmgroup.vn\/about-tmg\/pathway-of-development\/2017-2019-buffalo-tours-divestment-and-new-projects\" class=\"elementor-sub-item\" tabindex=\"-1\">2017- Hi\u1ec7n t\u1ea1i: Thay \u0111\u1ed5i v\u00e0 l\u1edbn m\u1ea1nh<\/a><\/li>\n\t<li class=\"menu-item menu-item-type-post_type menu-item-object-page menu-item-4013\"><a href=\"https:\/\/tmgroup.vn\/about-tmg\/pathway-of-development\/tmgs-future-adventure-to-the-whole-new-levels\" class=\"elementor-sub-item\" tabindex=\"-1\">TMG trong t\u01b0\u01a1ng lai<\/a><\/li>\n<\/ul>\n<\/li>\n<\/ul>\t\t\t<\/nav>\n\t\t\t\t<\/div>\n\t\t\t\t<\/div>\n\t\t\t\t\t\t<\/div>\n\t\t\t\t\t<\/div>\n\t\t<\/div>\n\t\t\t\t\t\t\t\t<\/div>\n\t\t\t\t\t<\/div>\n\t\t<\/section>\n\t\t\t\t\t\t\t\t\t<\/div>\n\t\t\t<\/div>\n\t\t\t\t\t<\/div>\n\t\t","protected":false},"excerpt":{"rendered":"<p>TMGers \u2013 Nh\u00e2n s\u1ef1 TMG l\u00e0 nh\u1eefng ng\u01b0\u1eddi hi\u1ec3u r\u00f5 v\u00e0 th\u1ec3 hi\u1ec7n \u0111\u00fang c\u00e1c gi\u00e1 tr\u1ecb c\u1ed1t l\u00f5i c\u1ee7a TMG. Ch\u00fang t\u00f4i \u0111\u1ed3ng th\u1eddi l\u00e0 ng\u01b0\u1eddi truy\u1ec1n c\u1ea3m h\u1ee9ng v\u00e0 lu\u00f4n \u0111\u1ed3ng h\u00e0nh c\u00f9ng kh\u00e1ch h\u00e0ng tr\u00ean m\u1ecdi h\u00e0nh tr\u00ecnh. Ch\u00fang t\u00f4i \u0111\u1ebfn t\u1eeb nh\u1eefng n\u1ec1n v\u0103n h\u00f3a kh\u00e1c nhau, t\u00ednh c\u00e1ch kh\u00e1c nhau [&hellip;]<\/p>\n","protected":false},"author":1,"featured_media":0,"parent":0,"menu_order":0,"comment_status":"closed","ping_status":"closed","template":"elementor_header_footer","meta":{"footnotes":""},"ppma_author":[1173],"class_list":["post-11083","page","type-page","status-publish","hentry"],"yoast_head":"<!-- This site is optimized with the Yoast SEO plugin v26.2 - https:\/\/yoast.com\/wordpress\/plugins\/seo\/ -->\n<title>Con ng\u01b0\u1eddi - Thien Minh Group | TMG | TMGROUP<\/title>\n<meta name=\"robots\" content=\"index, follow, max-snippet:-1, max-image-preview:large, max-video-preview:-1\" \/>\n<link rel=\"canonical\" href=\"https:\/\/tmgroup.vn\/vi\/con-nguoi\" \/>\n<meta property=\"og:locale\" content=\"vi_VN\" \/>\n<meta property=\"og:type\" content=\"article\" \/>\n<meta property=\"og:title\" content=\"Con ng\u01b0\u1eddi - Thien Minh Group | TMG | TMGROUP\" \/>\n<meta property=\"og:description\" content=\"TMGers \u2013 Nh\u00e2n s\u1ef1 TMG l\u00e0 nh\u1eefng ng\u01b0\u1eddi hi\u1ec3u r\u00f5 v\u00e0 th\u1ec3 hi\u1ec7n \u0111\u00fang c\u00e1c gi\u00e1 tr\u1ecb c\u1ed1t l\u00f5i c\u1ee7a TMG. Ch\u00fang t\u00f4i \u0111\u1ed3ng th\u1eddi l\u00e0 ng\u01b0\u1eddi truy\u1ec1n c\u1ea3m h\u1ee9ng v\u00e0 lu\u00f4n \u0111\u1ed3ng h\u00e0nh c\u00f9ng kh\u00e1ch h\u00e0ng tr\u00ean m\u1ecdi h\u00e0nh tr\u00ecnh. Ch\u00fang t\u00f4i \u0111\u1ebfn t\u1eeb nh\u1eefng n\u1ec1n v\u0103n h\u00f3a kh\u00e1c nhau, t\u00ednh c\u00e1ch kh\u00e1c nhau [&hellip;]\" \/>\n<meta property=\"og:url\" content=\"https:\/\/tmgroup.vn\/vi\/con-nguoi\" \/>\n<meta property=\"og:site_name\" content=\"Thien Minh Group | TMG | TMGROUP\" \/>\n<meta property=\"article:modified_time\" content=\"2022-08-10T04:09:37+00:00\" \/>\n<meta property=\"og:image\" content=\"https:\/\/tmgroup.vn\/wp-content\/uploads\/2022\/06\/anh-bia-bao-2.jpg\" \/>\n\t<meta property=\"og:image:width\" content=\"1200\" \/>\n\t<meta property=\"og:image:height\" content=\"800\" \/>\n\t<meta property=\"og:image:type\" content=\"image\/jpeg\" \/>\n<meta name=\"twitter:card\" content=\"summary_large_image\" \/>\n<meta name=\"twitter:label1\" content=\"Est. reading time\" \/>\n\t<meta name=\"twitter:data1\" content=\"2 minutes\" \/>\n<script type=\"application\/ld+json\" class=\"yoast-schema-graph\">{\"@context\":\"https:\/\/schema.org\",\"@graph\":[{\"@type\":\"WebPage\",\"@id\":\"https:\/\/tmgroup.vn\/vi\/con-nguoi\",\"url\":\"https:\/\/tmgroup.vn\/vi\/con-nguoi\",\"name\":\"Con ng\u01b0\u1eddi - Thien Minh Group | TMG | TMGROUP\",\"isPartOf\":{\"@id\":\"https:\/\/tmgroup.vn\/#website\"},\"datePublished\":\"2022-08-09T03:58:57+00:00\",\"dateModified\":\"2022-08-10T04:09:37+00:00\",\"breadcrumb\":{\"@id\":\"https:\/\/tmgroup.vn\/vi\/con-nguoi#breadcrumb\"},\"inLanguage\":\"vi-VN\",\"potentialAction\":[{\"@type\":\"ReadAction\",\"target\":[\"https:\/\/tmgroup.vn\/vi\/con-nguoi\"]}]},{\"@type\":\"BreadcrumbList\",\"@id\":\"https:\/\/tmgroup.vn\/vi\/con-nguoi#breadcrumb\",\"itemListElement\":[{\"@type\":\"ListItem\",\"position\":1,\"name\":\"Home\",\"item\":\"https:\/\/tmgroup.vn\/\"},{\"@type\":\"ListItem\",\"position\":2,\"name\":\"Con ng\u01b0\u1eddi\"}]},{\"@type\":\"WebSite\",\"@id\":\"https:\/\/tmgroup.vn\/#website\",\"url\":\"https:\/\/tmgroup.vn\/\",\"name\":\"Thien Minh Group | TMG | TMGROUP\",\"description\":\"\",\"publisher\":{\"@id\":\"https:\/\/tmgroup.vn\/#organization\"},\"potentialAction\":[{\"@type\":\"SearchAction\",\"target\":{\"@type\":\"EntryPoint\",\"urlTemplate\":\"https:\/\/tmgroup.vn\/?s={search_term_string}\"},\"query-input\":{\"@type\":\"PropertyValueSpecification\",\"valueRequired\":true,\"valueName\":\"search_term_string\"}}],\"inLanguage\":\"vi-VN\"},{\"@type\":\"Organization\",\"@id\":\"https:\/\/tmgroup.vn\/#organization\",\"name\":\"Thien Minh Group | TMG | TMGROUP\",\"url\":\"https:\/\/tmgroup.vn\/\",\"logo\":{\"@type\":\"ImageObject\",\"inLanguage\":\"vi-VN\",\"@id\":\"https:\/\/tmgroup.vn\/#\/schema\/logo\/image\/\",\"url\":\"https:\/\/tmgroup.vn\/wp-content\/uploads\/2022\/06\/TMG-Logo-color.png\",\"contentUrl\":\"https:\/\/tmgroup.vn\/wp-content\/uploads\/2022\/06\/TMG-Logo-color.png\",\"width\":342,\"height\":172,\"caption\":\"Thien Minh Group | TMG | TMGROUP\"},\"image\":{\"@id\":\"https:\/\/tmgroup.vn\/#\/schema\/logo\/image\/\"}}]}<\/script>\n<!-- \/ Yoast SEO plugin. -->","yoast_head_json":{"title":"Con ng\u01b0\u1eddi - Thien Minh Group | TMG | TMGROUP","robots":{"index":"index","follow":"follow","max-snippet":"max-snippet:-1","max-image-preview":"max-image-preview:large","max-video-preview":"max-video-preview:-1"},"canonical":"https:\/\/tmgroup.vn\/vi\/con-nguoi","og_locale":"vi_VN","og_type":"article","og_title":"Con ng\u01b0\u1eddi - Thien Minh Group | TMG | TMGROUP","og_description":"TMGers \u2013 Nh\u00e2n s\u1ef1 TMG l\u00e0 nh\u1eefng ng\u01b0\u1eddi hi\u1ec3u r\u00f5 v\u00e0 th\u1ec3 hi\u1ec7n \u0111\u00fang c\u00e1c gi\u00e1 tr\u1ecb c\u1ed1t l\u00f5i c\u1ee7a TMG. Ch\u00fang t\u00f4i \u0111\u1ed3ng th\u1eddi l\u00e0 ng\u01b0\u1eddi truy\u1ec1n c\u1ea3m h\u1ee9ng v\u00e0 lu\u00f4n \u0111\u1ed3ng h\u00e0nh c\u00f9ng kh\u00e1ch h\u00e0ng tr\u00ean m\u1ecdi h\u00e0nh tr\u00ecnh. Ch\u00fang t\u00f4i \u0111\u1ebfn t\u1eeb nh\u1eefng n\u1ec1n v\u0103n h\u00f3a kh\u00e1c nhau, t\u00ednh c\u00e1ch kh\u00e1c nhau [&hellip;]","og_url":"https:\/\/tmgroup.vn\/vi\/con-nguoi","og_site_name":"Thien Minh Group | TMG | TMGROUP","article_modified_time":"2022-08-10T04:09:37+00:00","og_image":[{"width":1200,"height":800,"url":"https:\/\/tmgroup.vn\/wp-content\/uploads\/2022\/06\/anh-bia-bao-2.jpg","type":"image\/jpeg"}],"twitter_card":"summary_large_image","twitter_misc":{"Est. reading time":"2 minutes"},"schema":{"@context":"https:\/\/schema.org","@graph":[{"@type":"WebPage","@id":"https:\/\/tmgroup.vn\/vi\/con-nguoi","url":"https:\/\/tmgroup.vn\/vi\/con-nguoi","name":"Con ng\u01b0\u1eddi - Thien Minh Group | TMG | TMGROUP","isPartOf":{"@id":"https:\/\/tmgroup.vn\/#website"},"datePublished":"2022-08-09T03:58:57+00:00","dateModified":"2022-08-10T04:09:37+00:00","breadcrumb":{"@id":"https:\/\/tmgroup.vn\/vi\/con-nguoi#breadcrumb"},"inLanguage":"vi-VN","potentialAction":[{"@type":"ReadAction","target":["https:\/\/tmgroup.vn\/vi\/con-nguoi"]}]},{"@type":"BreadcrumbList","@id":"https:\/\/tmgroup.vn\/vi\/con-nguoi#breadcrumb","itemListElement":[{"@type":"ListItem","position":1,"name":"Home","item":"https:\/\/tmgroup.vn\/"},{"@type":"ListItem","position":2,"name":"Con ng\u01b0\u1eddi"}]},{"@type":"WebSite","@id":"https:\/\/tmgroup.vn\/#website","url":"https:\/\/tmgroup.vn\/","name":"Thien Minh Group | TMG | TMGROUP","description":"","publisher":{"@id":"https:\/\/tmgroup.vn\/#organization"},"potentialAction":[{"@type":"SearchAction","target":{"@type":"EntryPoint","urlTemplate":"https:\/\/tmgroup.vn\/?s={search_term_string}"},"query-input":{"@type":"PropertyValueSpecification","valueRequired":true,"valueName":"search_term_string"}}],"inLanguage":"vi-VN"},{"@type":"Organization","@id":"https:\/\/tmgroup.vn\/#organization","name":"Thien Minh Group | TMG | TMGROUP","url":"https:\/\/tmgroup.vn\/","logo":{"@type":"ImageObject","inLanguage":"vi-VN","@id":"https:\/\/tmgroup.vn\/#\/schema\/logo\/image\/","url":"https:\/\/tmgroup.vn\/wp-content\/uploads\/2022\/06\/TMG-Logo-color.png","contentUrl":"https:\/\/tmgroup.vn\/wp-content\/uploads\/2022\/06\/TMG-Logo-color.png","width":342,"height":172,"caption":"Thien Minh Group | TMG | TMGROUP"},"image":{"@id":"https:\/\/tmgroup.vn\/#\/schema\/logo\/image\/"}}]}},"_links":{"self":[{"href":"https:\/\/tmgroup.vn\/vi\/wp-json\/wp\/v2\/pages\/11083","targetHints":{"allow":["GET"]}}],"collection":[{"href":"https:\/\/tmgroup.vn\/vi\/wp-json\/wp\/v2\/pages"}],"about":[{"href":"https:\/\/tmgroup.vn\/vi\/wp-json\/wp\/v2\/types\/page"}],"author":[{"embeddable":true,"href":"https:\/\/tmgroup.vn\/vi\/wp-json\/wp\/v2\/users\/1"}],"replies":[{"embeddable":true,"href":"https:\/\/tmgroup.vn\/vi\/wp-json\/wp\/v2\/comments?post=11083"}],"version-history":[{"count":4,"href":"https:\/\/tmgroup.vn\/vi\/wp-json\/wp\/v2\/pages\/11083\/revisions"}],"predecessor-version":[{"id":11510,"href":"https:\/\/tmgroup.vn\/vi\/wp-json\/wp\/v2\/pages\/11083\/revisions\/11510"}],"wp:attachment":[{"href":"https:\/\/tmgroup.vn\/vi\/wp-json\/wp\/v2\/media?parent=11083"}],"wp:term":[{"taxonomy":"author","embeddable":true,"href":"https:\/\/tmgroup.vn\/vi\/wp-json\/wp\/v2\/ppma_author?post=11083"}],"curies":[{"name":"wp","href":"https:\/\/api.w.org\/{rel}","templated":true}]}}